{"id":230963,"date":"2024-03-06T23:01:29","date_gmt":"2024-03-06T23:01:29","guid":{"rendered":"https:\/\/gabbysplacefoundation.org\/?page_id=230963"},"modified":"2024-03-06T23:02:30","modified_gmt":"2024-03-06T23:02:30","slug":"blog","status":"publish","type":"page","link":"https:\/\/gabbysplacefoundation.org\/es\/blog\/","title":{"rendered":"Blog"},"content":{"rendered":"<p>[et_pb_section fb_built=&#8221;1&#8243; admin_label=&#8221;Blog&#8221; _builder_version=&#8221;4.22.2&#8243; background_image=&#8221;https:\/\/gabbysplacefoundation.org\/wp-content\/uploads\/2024\/03\/BBUS-PLACE.png&#8221; global_colors_info=&#8221;{}&#8221; theme_builder_area=&#8221;post_content&#8221;][et_pb_row column_structure=&#8221;3_5,2_5&#8243; use_custom_gutter=&#8221;on&#8221; gutter_width=&#8221;2&#8243; make_equal=&#8221;on&#8221; _builder_version=&#8221;4.22.2&#8243; global_colors_info=&#8221;{}&#8221; theme_builder_area=&#8221;post_content&#8221;][et_pb_column type=&#8221;3_5&#8243; _builder_version=&#8221;4.22.2&#8243; custom_padding=&#8221;30px|30px|30px|30px|true|true&#8221; custom_padding_tablet=&#8221;&#8221; custom_padding_phone=&#8221;20px|20px|20px|20px|true|true&#8221; custom_padding_last_edited=&#8221;on|phone&#8221; border_radii=&#8221;on|24px|24px|24px|24px&#8221; global_colors_info=&#8221;{}&#8221; theme_builder_area=&#8221;post_content&#8221;][et_pb_text _builder_version=&#8221;4.22.2&#8243; _module_preset=&#8221;default&#8221; header_font=&#8221;Avenir|900|||||||&#8221; header_text_color=&#8221;#761839&#8243; header_font_size=&#8221;94px&#8221; global_colors_info=&#8221;{}&#8221; theme_builder_area=&#8221;post_content&#8221;]<\/p>\n<h1>Blog<\/h1>\n<p>[\/et_pb_text][et_pb_text _builder_version=&#8221;4.22.2&#8243; _module_preset=&#8221;default&#8221; text_font=&#8221;Avenir||||||||&#8221; text_text_color=&#8221;#761839&#8243; text_font_size=&#8221;17px&#8221; text_font_size_tablet=&#8221;17px&#8221; text_font_size_phone=&#8221;15px&#8221; text_font_size_last_edited=&#8221;on|phone&#8221; global_colors_info=&#8221;{}&#8221; theme_builder_area=&#8221;post_content&#8221;]<\/p>\n<p><span>Hemos creado un blog sobre salud mental es como tu compa\u00f1ero de confianza para sentirte mejor contigo mismo. Aqu\u00ed encontrar\u00e1s consejos \u00fatiles, historias de gente que ha superado obst\u00e1culos y un mont\u00f3n de trucos para lidiar con el estr\u00e9s, la ansiedad o cualquier cosa que te quite la sonrisa.<\/span><\/p>\n<p>[\/et_pb_text][\/et_pb_column][et_pb_column type=&#8221;2_5&#8243; _builder_version=&#8221;4.22.2&#8243; background_color=&#8221;#FFFFFF&#8221; custom_padding=&#8221;30px|30px|30px|30px|true|true&#8221; custom_padding_tablet=&#8221;&#8221; custom_padding_phone=&#8221;20px|20px|20px|20px|true|true&#8221; custom_padding_last_edited=&#8221;on|phone&#8221; border_radii=&#8221;on|24px|24px|24px|24px&#8221; box_shadow_style=&#8221;preset3&#8243; box_shadow_vertical=&#8221;32px&#8221; box_shadow_blur=&#8221;52px&#8221; box_shadow_spread=&#8221;0px&#8221; box_shadow_color=&#8221;rgba(26,48,102,0.1)&#8221; global_colors_info=&#8221;{}&#8221; theme_builder_area=&#8221;post_content&#8221;][et_pb_blog posts_number=&#8221;1&#8243; show_more=&#8221;on&#8221; show_excerpt=&#8221;off&#8221; show_pagination=&#8221;off&#8221; _builder_version=&#8221;4.23.2&#8243; header_font=&#8221;Avenir|600|||||||&#8221; header_text_color=&#8221;#761839&#8243; header_font_size=&#8221;20px&#8221; header_line_height=&#8221;1.3em&#8221; body_font=&#8221;Rubik||||||||&#8221; body_text_color=&#8221;#546681&#8243; body_line_height=&#8221;2em&#8221; meta_font=&#8221;Rubik|||on|||||&#8221; meta_text_color=&#8221;#8693a6&#8243; meta_font_size=&#8221;12px&#8221; meta_line_height=&#8221;2em&#8221; read_more_font=&#8221;Rubik|500||on|||||&#8221; read_more_text_color=&#8221;#ffcc57&#8243; read_more_font_size=&#8221;13px&#8221; read_more_letter_spacing=&#8221;1px&#8221; read_more_line_height=&#8221;2em&#8221; pagination_font=&#8221;Rubik|500|||||||&#8221; pagination_text_color=&#8221;#546681&#8243; pagination_font_size=&#8221;16px&#8221; pagination_line_height=&#8221;2em&#8221; custom_margin=&#8221;||-60px||false|false&#8221; header_font_size_tablet=&#8221;&#8221; header_font_size_phone=&#8221;16px&#8221; header_font_size_last_edited=&#8221;on|desktop&#8221; border_width_all=&#8221;0px&#8221; locked=&#8221;off&#8221; global_colors_info=&#8221;{}&#8221; theme_builder_area=&#8221;post_content&#8221;][\/et_pb_blog][\/et_pb_column][\/et_pb_row][et_pb_row use_custom_gutter=&#8221;on&#8221; gutter_width=&#8221;2&#8243; make_equal=&#8221;on&#8221; _builder_version=&#8221;4.16&#8243; global_colors_info=&#8221;{}&#8221; theme_builder_area=&#8221;post_content&#8221;][et_pb_column type=&#8221;4_4&#8243; _builder_version=&#8221;4.16&#8243; global_colors_info=&#8221;{}&#8221; theme_builder_area=&#8221;post_content&#8221;][et_pb_blog fullwidth=&#8221;off&#8221; posts_number=&#8221;6&#8243; show_more=&#8221;on&#8221; offset_number=&#8221;1&#8243; _builder_version=&#8221;4.23.2&#8243; header_font=&#8221;Avenir|600|||||||&#8221; header_text_color=&#8221;#761839&#8243; header_font_size=&#8221;20px&#8221; header_line_height=&#8221;1.3em&#8221; body_font=&#8221;Rubik||||||||&#8221; body_line_height=&#8221;2em&#8221; meta_font=&#8221;Rubik|||on|||||&#8221; meta_text_color=&#8221;#8693a6&#8243; meta_font_size=&#8221;12px&#8221; meta_line_height=&#8221;2em&#8221; read_more_font=&#8221;Rubik|500||on|||||&#8221; read_more_text_color=&#8221;#ffcc57&#8243; read_more_font_size=&#8221;13px&#8221; read_more_letter_spacing=&#8221;1px&#8221; read_more_line_height=&#8221;2em&#8221; pagination_font=&#8221;Rubik|500|||||||&#8221; pagination_text_color=&#8221;#546681&#8243; pagination_font_size=&#8221;16px&#8221; pagination_line_height=&#8221;2em&#8221; header_font_size_tablet=&#8221;&#8221; header_font_size_phone=&#8221;16px&#8221; header_font_size_last_edited=&#8221;on|desktop&#8221; border_radii=&#8221;on|24px|24px|24px|24px&#8221; border_width_all=&#8221;0px&#8221; box_shadow_style=&#8221;preset3&#8243; box_shadow_vertical=&#8221;32px&#8221; box_shadow_blur=&#8221;52px&#8221; box_shadow_spread=&#8221;0px&#8221; box_shadow_color=&#8221;rgba(26,48,102,0.1)&#8221; global_colors_info=&#8221;{}&#8221; theme_builder_area=&#8221;post_content&#8221;][\/et_pb_blog][\/et_pb_column][\/et_pb_row][\/et_pb_section]<\/p>","protected":false},"excerpt":{"rendered":"<p>BlogHemos creado un blog sobre salud mental es como tu compa\u00f1ero de confianza para sentirte mejor contigo mismo. Aqu\u00ed encontrar\u00e1s consejos \u00fatiles, historias de gente que ha superado obst\u00e1culos y un mont\u00f3n de trucos para lidiar con el estr\u00e9s, la ansiedad o cualquier cosa que te quite la sonrisa.<\/p>","protected":false},"author":1,"featured_media":0,"parent":0,"menu_order":0,"comment_status":"closed","ping_status":"closed","template":"","meta":{"_et_pb_use_builder":"on","_et_pb_old_content":"","_et_gb_content_width":"","footnotes":""},"class_list":["post-230963","page","type-page","status-publish","hentry"],"_links":{"self":[{"href":"https:\/\/gabbysplacefoundation.org\/es\/wp-json\/wp\/v2\/pages\/230963","targetHints":{"allow":["GET"]}}],"collection":[{"href":"https:\/\/gabbysplacefoundation.org\/es\/wp-json\/wp\/v2\/pages"}],"about":[{"href":"https:\/\/gabbysplacefoundation.org\/es\/wp-json\/wp\/v2\/types\/page"}],"author":[{"embeddable":true,"href":"https:\/\/gabbysplacefoundation.org\/es\/wp-json\/wp\/v2\/users\/1"}],"replies":[{"embeddable":true,"href":"https:\/\/gabbysplacefoundation.org\/es\/wp-json\/wp\/v2\/comments?post=230963"}],"version-history":[{"count":2,"href":"https:\/\/gabbysplacefoundation.org\/es\/wp-json\/wp\/v2\/pages\/230963\/revisions"}],"predecessor-version":[{"id":230966,"href":"https:\/\/gabbysplacefoundation.org\/es\/wp-json\/wp\/v2\/pages\/230963\/revisions\/230966"}],"wp:attachment":[{"href":"https:\/\/gabbysplacefoundation.org\/es\/wp-json\/wp\/v2\/media?parent=230963"}],"curies":[{"name":"wp","href":"https:\/\/api.w.org\/{rel}","templated":true}]}}